{"id":12,"date":"2026-02-01T13:34:34","date_gmt":"2026-02-01T12:34:34","guid":{"rendered":"https:\/\/www.olfrygt.pl\/fundacja\/?page_id=12"},"modified":"2026-03-05T19:43:41","modified_gmt":"2026-03-05T18:43:41","slug":"strona-glowna","status":"publish","type":"page","link":"https:\/\/www.olfrygt.pl\/fundacja\/","title":{"rendered":"Strona g\u0142\u00f3wna"},"content":{"rendered":"\t\t<div data-elementor-type=\"wp-page\" data-elementor-id=\"12\" class=\"elementor elementor-12\" data-elementor-post-type=\"page\">\n\t\t\t\t<div class=\"elementor-element elementor-element-ba27fb5 e-flex e-con-boxed e-con e-parent\" data-id=\"ba27fb5\" data-element_type=\"container\" data-e-type=\"container\" data-settings=\"{&quot;background_background&quot;:&quot;classic&quot;}\">\n\t\t\t\t\t<div class=\"e-con-inner\">\n\t\t\t\t<div class=\"elementor-element elementor-element-3ae3db5 elementor-widget elementor-widget-image\" data-id=\"3ae3db5\" data-element_type=\"widget\" data-e-type=\"widget\" data-widget_type=\"image.default\">\n\t\t\t\t\t\t\t\t\t\t\t\t\t\t\t<img fetchpriority=\"high\" decoding=\"async\" width=\"400\" height=\"400\" src=\"https:\/\/www.olfrygt.pl\/fundacja\/wp-content\/uploads\/2026\/02\/Olfrygt-logo-circle.webp\" class=\"attachment-full size-full wp-image-15\" alt=\"\" srcset=\"https:\/\/www.olfrygt.pl\/fundacja\/wp-content\/uploads\/2026\/02\/Olfrygt-logo-circle.webp 400w, https:\/\/www.olfrygt.pl\/fundacja\/wp-content\/uploads\/2026\/02\/Olfrygt-logo-circle-300x300.webp 300w, https:\/\/www.olfrygt.pl\/fundacja\/wp-content\/uploads\/2026\/02\/Olfrygt-logo-circle-150x150.webp 150w\" sizes=\"(max-width: 400px) 100vw, 400px\" \/>\t\t\t\t\t\t\t\t\t\t\t\t\t\t\t<\/div>\n\t\t\t\t<div class=\"elementor-element elementor-element-878737c elementor-widget elementor-widget-heading\" data-id=\"878737c\" data-element_type=\"widget\" data-e-type=\"widget\" data-widget_type=\"heading.default\">\n\t\t\t\t\t<h1 class=\"elementor-heading-title elementor-size-default\">OLFRYGT<\/h1>\t\t\t\t<\/div>\n\t\t\t\t<div class=\"elementor-element elementor-element-4354e9e elementor-widget elementor-widget-heading\" data-id=\"4354e9e\" data-element_type=\"widget\" data-e-type=\"widget\" data-widget_type=\"heading.default\">\n\t\t\t\t\t<h2 class=\"elementor-heading-title elementor-size-default\">Fundacja Promocji Historii \u015aredniowiecza<\/h2>\t\t\t\t<\/div>\n\t\t\t\t<div class=\"elementor-element elementor-element-fb55ed2 elementor-widget elementor-widget-heading\" data-id=\"fb55ed2\" data-element_type=\"widget\" data-e-type=\"widget\" data-widget_type=\"heading.default\">\n\t\t\t\t\t<h3 class=\"elementor-heading-title elementor-size-default\">Odtwarzamy klimat wczesnego \u015bredniowiecza, \u0142\u0105cz\u0105c kultur\u0119 s\u0142owia\u0144sk\u0105 z wiki\u0144sk\u0105. Zapraszamy do \u015bwiata wojownik\u00f3w, rzemie\u015blnik\u00f3w i kupc\u00f3w sprzed tysi\u0105ca lat.<\/h3>\t\t\t\t<\/div>\n\t\t<div class=\"elementor-element elementor-element-e7faed5 e-con-full e-flex e-con e-child\" data-id=\"e7faed5\" data-element_type=\"container\" data-e-type=\"container\">\n\t\t\t\t<div class=\"elementor-element elementor-element-8eaf96a elementor-widget elementor-widget-button\" data-id=\"8eaf96a\" data-element_type=\"widget\" data-e-type=\"widget\" data-widget_type=\"button.default\">\n\t\t\t\t\t\t\t\t\t\t<a class=\"elementor-button elementor-button-link elementor-size-sm\" href=\"https:\/\/www.olfrygt.pl\/fundacja\/strona-glowna\/dolacz-do-nas\/\">\n\t\t\t\t\t\t<span class=\"elementor-button-content-wrapper\">\n\t\t\t\t\t\t<span class=\"elementor-button-icon\">\n\t\t\t\t<svg aria-hidden=\"true\" class=\"e-font-icon-svg e-fas-arrow-right\" viewBox=\"0 0 448 512\" xmlns=\"http:\/\/www.w3.org\/2000\/svg\"><path d=\"M190.5 66.9l22.2-22.2c9.4-9.4 24.6-9.4 33.9 0L441 239c9.4 9.4 9.4 24.6 0 33.9L246.6 467.3c-9.4 9.4-24.6 9.4-33.9 0l-22.2-22.2c-9.5-9.5-9.3-25 .4-34.3L311.4 296H24c-13.3 0-24-10.7-24-24v-32c0-13.3 10.7-24 24-24h287.4L190.9 101.2c-9.8-9.3-10-24.8-.4-34.3z\"><\/path><\/svg>\t\t\t<\/span>\n\t\t\t\t\t\t\t\t\t<span class=\"elementor-button-text\">Do\u0142\u0105cz do nas<\/span>\n\t\t\t\t\t<\/span>\n\t\t\t\t\t<\/a>\n\t\t\t\t\t\t\t\t<\/div>\n\t\t\t\t<div class=\"elementor-element elementor-element-6adcb9a elementor-widget elementor-widget-button\" data-id=\"6adcb9a\" data-element_type=\"widget\" data-e-type=\"widget\" data-widget_type=\"button.default\">\n\t\t\t\t\t\t\t\t\t\t<a class=\"elementor-button elementor-button-link elementor-size-sm\" href=\"https:\/\/www.olfrygt.pl\/fundacja\/strona-glowna\/projekty\/\">\n\t\t\t\t\t\t<span class=\"elementor-button-content-wrapper\">\n\t\t\t\t\t\t\t\t\t<span class=\"elementor-button-text\">Poznaj nasze projekty<\/span>\n\t\t\t\t\t<\/span>\n\t\t\t\t\t<\/a>\n\t\t\t\t\t\t\t\t<\/div>\n\t\t\t\t<\/div>\n\t\t\t\t\t<\/div>\n\t\t\t\t<\/div>\n\t\t<div class=\"elementor-element elementor-element-88f274e e-flex e-con-boxed e-con e-parent\" data-id=\"88f274e\" data-element_type=\"container\" data-e-type=\"container\" data-settings=\"{&quot;background_background&quot;:&quot;classic&quot;}\">\n\t\t\t\t\t<div class=\"e-con-inner\">\n\t\t\t\t<div class=\"elementor-element elementor-element-7e1707d elementor-widget elementor-widget-image\" data-id=\"7e1707d\" data-element_type=\"widget\" data-e-type=\"widget\" data-widget_type=\"image.default\">\n\t\t\t\t\t\t\t\t\t\t\t\t\t\t\t<img decoding=\"async\" width=\"1600\" height=\"40\" src=\"https:\/\/www.olfrygt.pl\/fundacja\/wp-content\/uploads\/olfrygt-band.webp\" class=\"attachment-full size-full wp-image-232\" alt=\"\" srcset=\"https:\/\/www.olfrygt.pl\/fundacja\/wp-content\/uploads\/olfrygt-band.webp 1600w, https:\/\/www.olfrygt.pl\/fundacja\/wp-content\/uploads\/olfrygt-band-300x8.webp 300w, https:\/\/www.olfrygt.pl\/fundacja\/wp-content\/uploads\/olfrygt-band-1024x26.webp 1024w, https:\/\/www.olfrygt.pl\/fundacja\/wp-content\/uploads\/olfrygt-band-768x19.webp 768w, https:\/\/www.olfrygt.pl\/fundacja\/wp-content\/uploads\/olfrygt-band-1536x38.webp 1536w\" sizes=\"(max-width: 1600px) 100vw, 1600px\" \/>\t\t\t\t\t\t\t\t\t\t\t\t\t\t\t<\/div>\n\t\t\t\t\t<\/div>\n\t\t\t\t<\/div>\n\t\t<div class=\"elementor-element elementor-element-b9e889c e-flex e-con-boxed e-con e-parent\" data-id=\"b9e889c\" data-element_type=\"container\" data-e-type=\"container\" data-settings=\"{&quot;background_background&quot;:&quot;classic&quot;}\">\n\t\t\t\t\t<div class=\"e-con-inner\">\n\t\t\t\t<div class=\"elementor-element elementor-element-23ad131 elementor-widget elementor-widget-heading\" data-id=\"23ad131\" data-element_type=\"widget\" data-e-type=\"widget\" data-widget_type=\"heading.default\">\n\t\t\t\t\t<p class=\"elementor-heading-title elementor-size-default\">\u2619 <span style=\"color: #32241B\">Aktualno\u015bci<\/span> \u2767<\/p>\t\t\t\t<\/div>\n\t\t<div class=\"elementor-element elementor-element-884aad9 e-con-full e-flex e-con e-child\" data-id=\"884aad9\" data-element_type=\"container\" data-e-type=\"container\" data-settings=\"{&quot;background_background&quot;:&quot;gradient&quot;}\">\n\t\t\t\t<div class=\"elementor-element elementor-element-82e6934 elementor-widget elementor-widget-heading\" data-id=\"82e6934\" data-element_type=\"widget\" data-e-type=\"widget\" data-widget_type=\"heading.default\">\n\t\t\t\t\t<div class=\"elementor-heading-title elementor-size-default\">NOWO\u015a\u0106<\/div>\t\t\t\t<\/div>\n\t\t<div class=\"elementor-element elementor-element-18df084 e-con-full e-flex e-con e-child\" data-id=\"18df084\" data-element_type=\"container\" data-e-type=\"container\">\n\t\t\t\t<div class=\"elementor-element elementor-element-ab864e0 elementor-widget elementor-widget-heading\" data-id=\"ab864e0\" data-element_type=\"widget\" data-e-type=\"widget\" data-widget_type=\"heading.default\">\n\t\t\t\t\t<p class=\"elementor-heading-title elementor-size-default\">Rekrutacja 2026<\/p>\t\t\t\t<\/div>\n\t\t\t\t<div class=\"elementor-element elementor-element-6c4f3a6 elementor-widget elementor-widget-text-editor\" data-id=\"6c4f3a6\" data-element_type=\"widget\" data-e-type=\"widget\" data-widget_type=\"text-editor.default\">\n\t\t\t\t\t\t\t\t\t<p>Szukamy nowych cz\u0142onk\u00f3w do naszej karawany kupieckiej! Je\u015bli interesujesz si\u0119 histori\u0105 wczesnego \u015bredniowiecza, rekonstrukcj\u0105 historyczn\u0105, walk\u0105, \u0142ucznictwem lub rzemios\u0142em &#8211; mamy dla Ciebie miejsce!<\/p>\t\t\t\t\t\t\t\t<\/div>\n\t\t\t\t<div class=\"elementor-element elementor-element-c7e9ec3 elementor-icon-list--layout-inline elementor-list-item-link-full_width elementor-widget elementor-widget-icon-list\" data-id=\"c7e9ec3\" data-element_type=\"widget\" data-e-type=\"widget\" data-widget_type=\"icon-list.default\">\n\t\t\t\t\t\t\t<ul class=\"elementor-icon-list-items elementor-inline-items\">\n\t\t\t\t\t\t\t<li class=\"elementor-icon-list-item elementor-inline-item\">\n\t\t\t\t\t\t\t\t\t\t\t<span class=\"elementor-icon-list-icon\">\n\t\t\t\t\t\t\t<svg xmlns=\"http:\/\/www.w3.org\/2000\/svg\" width=\"24\" height=\"24\" viewBox=\"0 0 24 24\" fill=\"none\" stroke=\"#8c2323\" stroke-width=\"2\" stroke-linecap=\"round\" stroke-linejoin=\"round\"><path d=\"M20 13c0 5-3.5 7.5-7.66 8.95a1 1 0 0 1-.67-.01C7.5 20.5 4 18 4 13V6a1 1 0 0 1 1-1c2 0 4.5-1.2 6.24-2.72a1.17 1.17 0 0 1 1.52 0C14.51 3.81 17 5 19 5a1 1 0 0 1 1 1z\"><\/path><\/svg>\t\t\t\t\t\t<\/span>\n\t\t\t\t\t\t\t\t\t\t<span class=\"elementor-icon-list-text\">Wojownicy<\/span>\n\t\t\t\t\t\t\t\t\t<\/li>\n\t\t\t\t\t\t\t\t<li class=\"elementor-icon-list-item elementor-inline-item\">\n\t\t\t\t\t\t\t\t\t\t\t<span class=\"elementor-icon-list-icon\">\n\t\t\t\t\t\t\t<svg xmlns=\"http:\/\/www.w3.org\/2000\/svg\" width=\"24\" height=\"24\" viewBox=\"0 0 24 24\" fill=\"none\" stroke=\"#8c2323\" stroke-width=\"2\" stroke-linecap=\"round\" stroke-linejoin=\"round\"><path d=\"M16 21v-2a4 4 0 0 0-4-4H6a4 4 0 0 0-4 4v2\"><\/path><circle cx=\"9\" cy=\"7\" r=\"4\"><\/circle><path d=\"M22 21v-2a4 4 0 0 0-3-3.87\"><\/path><path d=\"M16 3.13a4 4 0 0 1 0 7.75\"><\/path><\/svg>\t\t\t\t\t\t<\/span>\n\t\t\t\t\t\t\t\t\t\t<span class=\"elementor-icon-list-text\">\u0141ucznicy<\/span>\n\t\t\t\t\t\t\t\t\t<\/li>\n\t\t\t\t\t\t\t\t<li class=\"elementor-icon-list-item elementor-inline-item\">\n\t\t\t\t\t\t\t\t\t\t\t<span class=\"elementor-icon-list-icon\">\n\t\t\t\t\t\t\t<svg xmlns=\"http:\/\/www.w3.org\/2000\/svg\" width=\"24\" height=\"24\" viewBox=\"0 0 24 24\" fill=\"none\" stroke=\"#8c2323\" stroke-width=\"2\" stroke-linecap=\"round\" stroke-linejoin=\"round\"><path d=\"m15 12-8.373 8.373a1 1 0 1 1-3-3L12 9\"><\/path><path d=\"m18 15 4-4\"><\/path><path d=\"m21.5 11.5-1.914-1.914A2 2 0 0 1 19 8.172V7l-2.26-2.26a6 6 0 0 0-4.202-1.756L9 2.96l.92.82A6.18 6.18 0 0 1 12 8.4V10l2 2h1.172a2 2 0 0 1 1.414.586L18.5 14.5\"><\/path><\/svg>\t\t\t\t\t\t<\/span>\n\t\t\t\t\t\t\t\t\t\t<span class=\"elementor-icon-list-text\">Rzemie\u015blnicy<\/span>\n\t\t\t\t\t\t\t\t\t<\/li>\n\t\t\t\t\t\t<\/ul>\n\t\t\t\t\t\t<\/div>\n\t\t\t\t<div class=\"elementor-element elementor-element-ea4a47d elementor-widget elementor-widget-button\" data-id=\"ea4a47d\" data-element_type=\"widget\" data-e-type=\"widget\" data-widget_type=\"button.default\">\n\t\t\t\t\t\t\t\t\t\t<a class=\"elementor-button elementor-button-link elementor-size-sm\" href=\"https:\/\/www.olfrygt.pl\/fundacja\/strona-glowna\/dolacz-do-nas\/\">\n\t\t\t\t\t\t<span class=\"elementor-button-content-wrapper\">\n\t\t\t\t\t\t<span class=\"elementor-button-icon\">\n\t\t\t\t<svg aria-hidden=\"true\" class=\"e-font-icon-svg e-fas-arrow-right\" viewBox=\"0 0 448 512\" xmlns=\"http:\/\/www.w3.org\/2000\/svg\"><path d=\"M190.5 66.9l22.2-22.2c9.4-9.4 24.6-9.4 33.9 0L441 239c9.4 9.4 9.4 24.6 0 33.9L246.6 467.3c-9.4 9.4-24.6 9.4-33.9 0l-22.2-22.2c-9.5-9.5-9.3-25 .4-34.3L311.4 296H24c-13.3 0-24-10.7-24-24v-32c0-13.3 10.7-24 24-24h287.4L190.9 101.2c-9.8-9.3-10-24.8-.4-34.3z\"><\/path><\/svg>\t\t\t<\/span>\n\t\t\t\t\t\t\t\t\t<span class=\"elementor-button-text\">Dowiedz si\u0119 wi\u0119cej<\/span>\n\t\t\t\t\t<\/span>\n\t\t\t\t\t<\/a>\n\t\t\t\t\t\t\t\t<\/div>\n\t\t\t\t<\/div>\n\t\t\t\t<\/div>\n\t\t\t\t\t<\/div>\n\t\t\t\t<\/div>\n\t\t<div class=\"elementor-element elementor-element-3f5acf4 e-flex e-con-boxed e-con e-parent\" data-id=\"3f5acf4\" data-element_type=\"container\" data-e-type=\"container\" data-settings=\"{&quot;background_background&quot;:&quot;classic&quot;}\">\n\t\t\t\t\t<div class=\"e-con-inner\">\n\t\t\t\t<div class=\"elementor-element elementor-element-d8fa14c elementor-widget elementor-widget-image\" data-id=\"d8fa14c\" data-element_type=\"widget\" data-e-type=\"widget\" data-widget_type=\"image.default\">\n\t\t\t\t\t\t\t\t\t\t\t\t\t\t\t<img decoding=\"async\" width=\"1600\" height=\"40\" src=\"https:\/\/www.olfrygt.pl\/fundacja\/wp-content\/uploads\/olfrygt-band.webp\" class=\"attachment-full size-full wp-image-232\" alt=\"\" srcset=\"https:\/\/www.olfrygt.pl\/fundacja\/wp-content\/uploads\/olfrygt-band.webp 1600w, https:\/\/www.olfrygt.pl\/fundacja\/wp-content\/uploads\/olfrygt-band-300x8.webp 300w, https:\/\/www.olfrygt.pl\/fundacja\/wp-content\/uploads\/olfrygt-band-1024x26.webp 1024w, https:\/\/www.olfrygt.pl\/fundacja\/wp-content\/uploads\/olfrygt-band-768x19.webp 768w, https:\/\/www.olfrygt.pl\/fundacja\/wp-content\/uploads\/olfrygt-band-1536x38.webp 1536w\" sizes=\"(max-width: 1600px) 100vw, 1600px\" \/>\t\t\t\t\t\t\t\t\t\t\t\t\t\t\t<\/div>\n\t\t\t\t\t<\/div>\n\t\t\t\t<\/div>\n\t\t<div class=\"elementor-element elementor-element-02ab9a0 e-flex e-con-boxed e-con e-parent\" data-id=\"02ab9a0\" data-element_type=\"container\" data-e-type=\"container\" data-settings=\"{&quot;background_background&quot;:&quot;classic&quot;}\">\n\t\t\t\t\t<div class=\"e-con-inner\">\n\t\t\t\t<div class=\"elementor-element elementor-element-2abd5d9 elementor-widget elementor-widget-heading\" data-id=\"2abd5d9\" data-element_type=\"widget\" data-e-type=\"widget\" data-widget_type=\"heading.default\">\n\t\t\t\t\t<p class=\"elementor-heading-title elementor-size-default\">\u2619 <span style=\"color: #32241B\">O Fundacji<\/span> \u2767<\/p>\t\t\t\t<\/div>\n\t\t\t\t<div class=\"elementor-element elementor-element-97bcb8b elementor-widget elementor-widget-text-editor\" data-id=\"97bcb8b\" data-element_type=\"widget\" data-e-type=\"widget\" data-widget_type=\"text-editor.default\">\n\t\t\t\t\t\t\t\t\t<p>Fundacja OLFRYGT zajmuje si\u0119 promocj\u0105 historii wczesnego \u015bredniowiecza poprzez rekonstrukcj\u0119 historyczn\u0105, organizacj\u0119 festiwali i wydarze\u0144 edukacyjnych. Nasza nazwa pochodzi od starogerma\u0144skiego s\u0142owa oznaczaj\u0105cego &#8222;dziedzictwo&#8221; &#8211; w\u0142a\u015bnie takie dziedzictwo kultury s\u0142owia\u0144skiej i wiki\u0144skiej staramy si\u0119 piel\u0119gnowa\u0107 i przekazywa\u0107 dalej.<\/p>\t\t\t\t\t\t\t\t<\/div>\n\t\t\t\t\t<\/div>\n\t\t\t\t<\/div>\n\t\t<div class=\"elementor-element elementor-element-300ad82 e-flex e-con-boxed e-con e-parent\" data-id=\"300ad82\" data-element_type=\"container\" data-e-type=\"container\" data-settings=\"{&quot;background_background&quot;:&quot;classic&quot;}\">\n\t\t\t\t\t<div class=\"e-con-inner\">\n\t\t<div class=\"elementor-element elementor-element-93c1d08 e-con-full e-flex e-con e-child\" data-id=\"93c1d08\" data-element_type=\"container\" data-e-type=\"container\" data-settings=\"{&quot;background_background&quot;:&quot;gradient&quot;}\">\n\t\t\t\t<div class=\"elementor-element elementor-element-72c2032 elementor-widget elementor-widget-heading\" data-id=\"72c2032\" data-element_type=\"widget\" data-e-type=\"widget\" data-widget_type=\"heading.default\">\n\t\t\t\t\t<p class=\"elementor-heading-title elementor-size-default\">Osada Racibory<\/p>\t\t\t\t<\/div>\n\t\t\t\t<div class=\"elementor-element elementor-element-faacdec elementor-widget elementor-widget-heading\" data-id=\"faacdec\" data-element_type=\"widget\" data-e-type=\"widget\" data-widget_type=\"heading.default\">\n\t\t\t\t\t<p class=\"elementor-heading-title elementor-size-default\">Rekonstrukcja wczesno\u015bredniowiecznej osady s\u0142owia\u0144skiej<\/p>\t\t\t\t<\/div>\n\t\t\t\t<\/div>\n\t\t<div class=\"elementor-element elementor-element-99cf5f2 e-con-full e-flex e-con e-child\" data-id=\"99cf5f2\" data-element_type=\"container\" data-e-type=\"container\" data-settings=\"{&quot;background_background&quot;:&quot;gradient&quot;}\">\n\t\t\t\t<div class=\"elementor-element elementor-element-f0f6b76 elementor-widget elementor-widget-heading\" data-id=\"f0f6b76\" data-element_type=\"widget\" data-e-type=\"widget\" data-widget_type=\"heading.default\">\n\t\t\t\t\t<p class=\"elementor-heading-title elementor-size-default\">Karawana Kupiecka<\/p>\t\t\t\t<\/div>\n\t\t\t\t<div class=\"elementor-element elementor-element-525cca0 elementor-widget elementor-widget-heading\" data-id=\"525cca0\" data-element_type=\"widget\" data-e-type=\"widget\" data-widget_type=\"heading.default\">\n\t\t\t\t\t<p class=\"elementor-heading-title elementor-size-default\">Grupa rekonstrukcyjna prezentuj\u0105ca \u017cycie kupc\u00f3w i wojownik\u00f3w<\/p>\t\t\t\t<\/div>\n\t\t\t\t<\/div>\n\t\t<div class=\"elementor-element elementor-element-7f11109 e-con-full e-flex e-con e-child\" data-id=\"7f11109\" data-element_type=\"container\" data-e-type=\"container\" data-settings=\"{&quot;background_background&quot;:&quot;gradient&quot;}\">\n\t\t\t\t<div class=\"elementor-element elementor-element-5466c54 elementor-widget elementor-widget-heading\" data-id=\"5466c54\" data-element_type=\"widget\" data-e-type=\"widget\" data-widget_type=\"heading.default\">\n\t\t\t\t\t<p class=\"elementor-heading-title elementor-size-default\">Festiwal<\/p>\t\t\t\t<\/div>\n\t\t\t\t<div class=\"elementor-element elementor-element-05b10e5 elementor-widget elementor-widget-heading\" data-id=\"05b10e5\" data-element_type=\"widget\" data-e-type=\"widget\" data-widget_type=\"heading.default\">\n\t\t\t\t\t<p class=\"elementor-heading-title elementor-size-default\">Coroczne wydarzenie przybli\u017caj\u0105ce kultur\u0119 wczesnego \u015bredniowiecza<\/p>\t\t\t\t<\/div>\n\t\t\t\t<\/div>\n\t\t\t\t\t<\/div>\n\t\t\t\t<\/div>\n\t\t<div class=\"elementor-element elementor-element-06b165d e-flex e-con-boxed e-con e-parent\" data-id=\"06b165d\" data-element_type=\"container\" data-e-type=\"container\" data-settings=\"{&quot;background_background&quot;:&quot;classic&quot;}\">\n\t\t\t\t\t<div class=\"e-con-inner\">\n\t\t\t\t<div class=\"elementor-element elementor-element-cd20db7 elementor-widget elementor-widget-image\" data-id=\"cd20db7\" data-element_type=\"widget\" data-e-type=\"widget\" data-widget_type=\"image.default\">\n\t\t\t\t\t\t\t\t\t\t\t\t\t\t\t<img decoding=\"async\" width=\"1600\" height=\"40\" src=\"https:\/\/www.olfrygt.pl\/fundacja\/wp-content\/uploads\/olfrygt-band.webp\" class=\"attachment-full size-full wp-image-232\" alt=\"\" srcset=\"https:\/\/www.olfrygt.pl\/fundacja\/wp-content\/uploads\/olfrygt-band.webp 1600w, https:\/\/www.olfrygt.pl\/fundacja\/wp-content\/uploads\/olfrygt-band-300x8.webp 300w, https:\/\/www.olfrygt.pl\/fundacja\/wp-content\/uploads\/olfrygt-band-1024x26.webp 1024w, https:\/\/www.olfrygt.pl\/fundacja\/wp-content\/uploads\/olfrygt-band-768x19.webp 768w, https:\/\/www.olfrygt.pl\/fundacja\/wp-content\/uploads\/olfrygt-band-1536x38.webp 1536w\" sizes=\"(max-width: 1600px) 100vw, 1600px\" \/>\t\t\t\t\t\t\t\t\t\t\t\t\t\t\t<\/div>\n\t\t\t\t\t<\/div>\n\t\t\t\t<\/div>\n\t\t<div class=\"elementor-element elementor-element-8fb0c76 e-flex e-con-boxed e-con e-parent\" data-id=\"8fb0c76\" data-element_type=\"container\" data-e-type=\"container\" data-settings=\"{&quot;background_background&quot;:&quot;classic&quot;}\">\n\t\t\t\t\t<div class=\"e-con-inner\">\n\t\t\t\t<div class=\"elementor-element elementor-element-7e1e78c elementor-widget elementor-widget-heading\" data-id=\"7e1e78c\" data-element_type=\"widget\" data-e-type=\"widget\" data-widget_type=\"heading.default\">\n\t\t\t\t\t<p class=\"elementor-heading-title elementor-size-default\">Wspieraj Nasz\u0105 Misj\u0119<\/p>\t\t\t\t<\/div>\n\t\t\t\t<div class=\"elementor-element elementor-element-928204a elementor-widget elementor-widget-heading\" data-id=\"928204a\" data-element_type=\"widget\" data-e-type=\"widget\" data-widget_type=\"heading.default\">\n\t\t\t\t\t<p class=\"elementor-heading-title elementor-size-default\">Dzi\u0119ki Twojemu wsparciu mo\u017cemy kontynuowa\u0107 dzia\u0142alno\u015b\u0107 edukacyjn\u0105 i rozwija\u0107 nasze projekty rekonstrukcyjne.<\/p>\t\t\t\t<\/div>\n\t\t\t\t<div class=\"elementor-element elementor-element-5d3fc0f elementor-align-center elementor-widget elementor-widget-button\" data-id=\"5d3fc0f\" data-element_type=\"widget\" data-e-type=\"widget\" data-widget_type=\"button.default\">\n\t\t\t\t\t\t\t\t\t\t<a class=\"elementor-button elementor-button-link elementor-size-sm\" href=\"https:\/\/www.olfrygt.pl\/fundacja\/strona-glowna\/zostan-patronem\/\">\n\t\t\t\t\t\t<span class=\"elementor-button-content-wrapper\">\n\t\t\t\t\t\t<span class=\"elementor-button-icon\">\n\t\t\t\t<svg aria-hidden=\"true\" class=\"e-font-icon-svg e-fas-arrow-right\" viewBox=\"0 0 448 512\" xmlns=\"http:\/\/www.w3.org\/2000\/svg\"><path d=\"M190.5 66.9l22.2-22.2c9.4-9.4 24.6-9.4 33.9 0L441 239c9.4 9.4 9.4 24.6 0 33.9L246.6 467.3c-9.4 9.4-24.6 9.4-33.9 0l-22.2-22.2c-9.5-9.5-9.3-25 .4-34.3L311.4 296H24c-13.3 0-24-10.7-24-24v-32c0-13.3 10.7-24 24-24h287.4L190.9 101.2c-9.8-9.3-10-24.8-.4-34.3z\"><\/path><\/svg>\t\t\t<\/span>\n\t\t\t\t\t\t\t\t\t<span class=\"elementor-button-text\">Zosta\u0144 patronem<\/span>\n\t\t\t\t\t<\/span>\n\t\t\t\t\t<\/a>\n\t\t\t\t\t\t\t\t<\/div>\n\t\t\t\t\t<\/div>\n\t\t\t\t<\/div>\n\t\t<div class=\"elementor-element elementor-element-8a73b04 e-con-full e-flex e-con e-parent\" data-id=\"8a73b04\" data-element_type=\"container\" data-e-type=\"container\">\n\t\t<div class=\"elementor-element elementor-element-2fe7d28 e-con-full e-flex e-con e-child\" data-id=\"2fe7d28\" data-element_type=\"container\" data-e-type=\"container\" data-settings=\"{&quot;background_background&quot;:&quot;gradient&quot;}\">\n\t\t\t\t<\/div>\n\t\t<div class=\"elementor-element elementor-element-e9e1464 e-con-full e-flex e-con e-child\" data-id=\"e9e1464\" data-element_type=\"container\" data-e-type=\"container\" data-settings=\"{&quot;background_background&quot;:&quot;gradient&quot;}\">\n\t\t\t\t<\/div>\n\t\t\t\t<\/div>\n\t\t\t\t<\/div>\n\t\t","protected":false},"excerpt":{"rendered":"<p>Fundacja Promocji Historii i Kultury \u015aredniowiecznej &#8222;Olfrygt&#8221;<\/p>\n","protected":false},"author":2,"featured_media":15,"parent":0,"menu_order":0,"comment_status":"closed","ping_status":"closed","template":"","meta":{"footnotes":""},"class_list":["post-12","page","type-page","status-publish","has-post-thumbnail","hentry"],"post_mailing_queue_ids":[],"_links":{"self":[{"href":"https:\/\/www.olfrygt.pl\/fundacja\/wp-json\/wp\/v2\/pages\/12","targetHints":{"allow":["GET"]}}],"collection":[{"href":"https:\/\/www.olfrygt.pl\/fundacja\/wp-json\/wp\/v2\/pages"}],"about":[{"href":"https:\/\/www.olfrygt.pl\/fundacja\/wp-json\/wp\/v2\/types\/page"}],"author":[{"embeddable":true,"href":"https:\/\/www.olfrygt.pl\/fundacja\/wp-json\/wp\/v2\/users\/2"}],"replies":[{"embeddable":true,"href":"https:\/\/www.olfrygt.pl\/fundacja\/wp-json\/wp\/v2\/comments?post=12"}],"version-history":[{"count":34,"href":"https:\/\/www.olfrygt.pl\/fundacja\/wp-json\/wp\/v2\/pages\/12\/revisions"}],"predecessor-version":[{"id":259,"href":"https:\/\/www.olfrygt.pl\/fundacja\/wp-json\/wp\/v2\/pages\/12\/revisions\/259"}],"wp:featuredmedia":[{"embeddable":true,"href":"https:\/\/www.olfrygt.pl\/fundacja\/wp-json\/wp\/v2\/media\/15"}],"wp:attachment":[{"href":"https:\/\/www.olfrygt.pl\/fundacja\/wp-json\/wp\/v2\/media?parent=12"}],"curies":[{"name":"wp","href":"https:\/\/api.w.org\/{rel}","templated":true}]}}