{"id":156,"date":"2026-02-12T21:16:08","date_gmt":"2026-02-12T20:16:08","guid":{"rendered":"https:\/\/www.olfrygt.pl\/fundacja\/?page_id=156"},"modified":"2026-03-05T19:47:06","modified_gmt":"2026-03-05T18:47:06","slug":"projekty","status":"publish","type":"page","link":"https:\/\/www.olfrygt.pl\/fundacja\/strona-glowna\/projekty\/","title":{"rendered":"Projekty"},"content":{"rendered":"\t\t<div data-elementor-type=\"wp-page\" data-elementor-id=\"156\" class=\"elementor elementor-156\" data-elementor-post-type=\"page\">\n\t\t\t\t<div class=\"elementor-element elementor-element-b0876d4 e-flex e-con-boxed e-con e-parent\" data-id=\"b0876d4\" data-element_type=\"container\" data-e-type=\"container\" data-settings=\"{&quot;background_background&quot;:&quot;classic&quot;}\">\n\t\t\t\t\t<div class=\"e-con-inner\">\n\t\t\t\t<div class=\"elementor-element elementor-element-9d389de elementor-widget elementor-widget-heading\" data-id=\"9d389de\" data-element_type=\"widget\" data-e-type=\"widget\" data-widget_type=\"heading.default\">\n\t\t\t\t\t<p class=\"elementor-heading-title elementor-size-default\">\u2619 <span style=\"color: #32241B\">Projekty<\/span> \u2767<\/p>\t\t\t\t<\/div>\n\t\t\t\t<div class=\"elementor-element elementor-element-31de8c8 elementor-widget elementor-widget-text-editor\" data-id=\"31de8c8\" data-element_type=\"widget\" data-e-type=\"widget\" data-widget_type=\"text-editor.default\">\n\t\t\t\t\t\t\t\t\t<p>Poznaj nasze g\u0142\u00f3wne projekty i inicjatywy zwi\u0105zane z rekonstrukcj\u0105 i promocj\u0105 kultury wczesnego \u015bredniowiecza.<\/p>\t\t\t\t\t\t\t\t<\/div>\n\t\t\t\t\t<\/div>\n\t\t\t\t<\/div>\n\t\t<div class=\"elementor-element elementor-element-ed8b29a e-flex e-con-boxed e-con e-parent\" data-id=\"ed8b29a\" data-element_type=\"container\" data-e-type=\"container\" data-settings=\"{&quot;background_background&quot;:&quot;classic&quot;}\">\n\t\t\t\t\t<div class=\"e-con-inner\">\n\t\t\t\t<div class=\"elementor-element elementor-element-47ad036 elementor-widget elementor-widget-image\" data-id=\"47ad036\" data-element_type=\"widget\" data-e-type=\"widget\" data-widget_type=\"image.default\">\n\t\t\t\t\t\t\t\t\t\t\t\t\t\t\t<img fetchpriority=\"high\" decoding=\"async\" width=\"1600\" height=\"40\" src=\"https:\/\/www.olfrygt.pl\/fundacja\/wp-content\/uploads\/olfrygt-band.webp\" class=\"attachment-full size-full wp-image-232\" alt=\"\" srcset=\"https:\/\/www.olfrygt.pl\/fundacja\/wp-content\/uploads\/olfrygt-band.webp 1600w, https:\/\/www.olfrygt.pl\/fundacja\/wp-content\/uploads\/olfrygt-band-300x8.webp 300w, https:\/\/www.olfrygt.pl\/fundacja\/wp-content\/uploads\/olfrygt-band-1024x26.webp 1024w, https:\/\/www.olfrygt.pl\/fundacja\/wp-content\/uploads\/olfrygt-band-768x19.webp 768w, https:\/\/www.olfrygt.pl\/fundacja\/wp-content\/uploads\/olfrygt-band-1536x38.webp 1536w\" sizes=\"(max-width: 1600px) 100vw, 1600px\" \/>\t\t\t\t\t\t\t\t\t\t\t\t\t\t\t<\/div>\n\t\t\t\t\t<\/div>\n\t\t\t\t<\/div>\n\t\t<div class=\"elementor-element elementor-element-a4da5dc e-flex e-con-boxed e-con e-parent\" data-id=\"a4da5dc\" data-element_type=\"container\" data-e-type=\"container\" data-settings=\"{&quot;background_background&quot;:&quot;classic&quot;}\">\n\t\t\t\t\t<div class=\"e-con-inner\">\n\t\t<div class=\"elementor-element elementor-element-61c5372 e-con-full e-flex e-con e-child\" data-id=\"61c5372\" data-element_type=\"container\" data-e-type=\"container\" data-settings=\"{&quot;background_background&quot;:&quot;gradient&quot;}\">\n\t\t\t\t<div class=\"elementor-element elementor-element-c8b5043 elementor-widget elementor-widget-heading\" data-id=\"c8b5043\" data-element_type=\"widget\" data-e-type=\"widget\" data-widget_type=\"heading.default\">\n\t\t\t\t\t<p class=\"elementor-heading-title elementor-size-default\">Osada Racibory<\/p>\t\t\t\t<\/div>\n\t\t\t\t<div class=\"elementor-element elementor-element-bcfce17 elementor-widget elementor-widget-text-editor\" data-id=\"bcfce17\" data-element_type=\"widget\" data-e-type=\"widget\" data-widget_type=\"text-editor.default\">\n\t\t\t\t\t\t\t\t\t<p>Osada Racibory to rekonstrukcja wczesno\u015bredniowiecznej osady s\u0142owia\u0144skiej. Projekt powsta\u0142 z pasji do historii i ch\u0119ci odtworzenia autentycznego klimatu \u017cycia sprzed tysi\u0105ca lat. Na terenie osady znajduj\u0105 si\u0119:<\/p>\t\t\t\t\t\t\t\t<\/div>\n\t\t<div class=\"elementor-element elementor-element-3c6dc19 e-grid e-con-full e-con e-child\" data-id=\"3c6dc19\" data-element_type=\"container\" data-e-type=\"container\">\n\t\t\t\t<div class=\"elementor-element elementor-element-e0f7489 elementor-icon-list--layout-traditional elementor-list-item-link-full_width elementor-widget elementor-widget-icon-list\" data-id=\"e0f7489\" data-element_type=\"widget\" data-e-type=\"widget\" data-widget_type=\"icon-list.default\">\n\t\t\t\t\t\t\t<ul class=\"elementor-icon-list-items\">\n\t\t\t\t\t\t\t<li class=\"elementor-icon-list-item\">\n\t\t\t\t\t\t\t\t\t\t\t<span class=\"elementor-icon-list-icon\">\n\t\t\t\t\t\t\t<svg aria-hidden=\"true\" class=\"e-font-icon-svg e-fas-caret-right\" viewBox=\"0 0 192 512\" xmlns=\"http:\/\/www.w3.org\/2000\/svg\"><path d=\"M0 384.662V127.338c0-17.818 21.543-26.741 34.142-14.142l128.662 128.662c7.81 7.81 7.81 20.474 0 28.284L34.142 398.804C21.543 411.404 0 402.48 0 384.662z\"><\/path><\/svg>\t\t\t\t\t\t<\/span>\n\t\t\t\t\t\t\t\t\t\t<span class=\"elementor-icon-list-text\">Chaty mieszkalne w stylu s\u0142owia\u0144skim<\/span>\n\t\t\t\t\t\t\t\t\t<\/li>\n\t\t\t\t\t\t\t\t<li class=\"elementor-icon-list-item\">\n\t\t\t\t\t\t\t\t\t\t\t<span class=\"elementor-icon-list-icon\">\n\t\t\t\t\t\t\t<svg aria-hidden=\"true\" class=\"e-font-icon-svg e-fas-caret-right\" viewBox=\"0 0 192 512\" xmlns=\"http:\/\/www.w3.org\/2000\/svg\"><path d=\"M0 384.662V127.338c0-17.818 21.543-26.741 34.142-14.142l128.662 128.662c7.81 7.81 7.81 20.474 0 28.284L34.142 398.804C21.543 411.404 0 402.48 0 384.662z\"><\/path><\/svg>\t\t\t\t\t\t<\/span>\n\t\t\t\t\t\t\t\t\t\t<span class=\"elementor-icon-list-text\">Warsztaty rzemie\u015blnicze<\/span>\n\t\t\t\t\t\t\t\t\t<\/li>\n\t\t\t\t\t\t\t\t<li class=\"elementor-icon-list-item\">\n\t\t\t\t\t\t\t\t\t\t\t<span class=\"elementor-icon-list-icon\">\n\t\t\t\t\t\t\t<svg aria-hidden=\"true\" class=\"e-font-icon-svg e-fas-caret-right\" viewBox=\"0 0 192 512\" xmlns=\"http:\/\/www.w3.org\/2000\/svg\"><path d=\"M0 384.662V127.338c0-17.818 21.543-26.741 34.142-14.142l128.662 128.662c7.81 7.81 7.81 20.474 0 28.284L34.142 398.804C21.543 411.404 0 402.48 0 384.662z\"><\/path><\/svg>\t\t\t\t\t\t<\/span>\n\t\t\t\t\t\t\t\t\t\t<span class=\"elementor-icon-list-text\">Strefa kuchni historycznej<\/span>\n\t\t\t\t\t\t\t\t\t<\/li>\n\t\t\t\t\t\t<\/ul>\n\t\t\t\t\t\t<\/div>\n\t\t\t\t<div class=\"elementor-element elementor-element-215dcc5 elementor-icon-list--layout-traditional elementor-list-item-link-full_width elementor-widget elementor-widget-icon-list\" data-id=\"215dcc5\" data-element_type=\"widget\" data-e-type=\"widget\" data-widget_type=\"icon-list.default\">\n\t\t\t\t\t\t\t<ul class=\"elementor-icon-list-items\">\n\t\t\t\t\t\t\t<li class=\"elementor-icon-list-item\">\n\t\t\t\t\t\t\t\t\t\t\t<span class=\"elementor-icon-list-icon\">\n\t\t\t\t\t\t\t<svg aria-hidden=\"true\" class=\"e-font-icon-svg e-fas-caret-right\" viewBox=\"0 0 192 512\" xmlns=\"http:\/\/www.w3.org\/2000\/svg\"><path d=\"M0 384.662V127.338c0-17.818 21.543-26.741 34.142-14.142l128.662 128.662c7.81 7.81 7.81 20.474 0 28.284L34.142 398.804C21.543 411.404 0 402.48 0 384.662z\"><\/path><\/svg>\t\t\t\t\t\t<\/span>\n\t\t\t\t\t\t\t\t\t\t<span class=\"elementor-icon-list-text\">Ku\u017ania z pe\u0142nym wyposa\u017ceniem<\/span>\n\t\t\t\t\t\t\t\t\t<\/li>\n\t\t\t\t\t\t\t\t<li class=\"elementor-icon-list-item\">\n\t\t\t\t\t\t\t\t\t\t\t<span class=\"elementor-icon-list-icon\">\n\t\t\t\t\t\t\t<svg aria-hidden=\"true\" class=\"e-font-icon-svg e-fas-caret-right\" viewBox=\"0 0 192 512\" xmlns=\"http:\/\/www.w3.org\/2000\/svg\"><path d=\"M0 384.662V127.338c0-17.818 21.543-26.741 34.142-14.142l128.662 128.662c7.81 7.81 7.81 20.474 0 28.284L34.142 398.804C21.543 411.404 0 402.48 0 384.662z\"><\/path><\/svg>\t\t\t\t\t\t<\/span>\n\t\t\t\t\t\t\t\t\t\t<span class=\"elementor-icon-list-text\">Miejsce do pokaz\u00f3w walk<\/span>\n\t\t\t\t\t\t\t\t\t<\/li>\n\t\t\t\t\t\t\t\t<li class=\"elementor-icon-list-item\">\n\t\t\t\t\t\t\t\t\t\t\t<span class=\"elementor-icon-list-icon\">\n\t\t\t\t\t\t\t<svg aria-hidden=\"true\" class=\"e-font-icon-svg e-fas-caret-right\" viewBox=\"0 0 192 512\" xmlns=\"http:\/\/www.w3.org\/2000\/svg\"><path d=\"M0 384.662V127.338c0-17.818 21.543-26.741 34.142-14.142l128.662 128.662c7.81 7.81 7.81 20.474 0 28.284L34.142 398.804C21.543 411.404 0 402.48 0 384.662z\"><\/path><\/svg>\t\t\t\t\t\t<\/span>\n\t\t\t\t\t\t\t\t\t\t<span class=\"elementor-icon-list-text\">Teren do \u0142ucznictwa<\/span>\n\t\t\t\t\t\t\t\t\t<\/li>\n\t\t\t\t\t\t<\/ul>\n\t\t\t\t\t\t<\/div>\n\t\t\t\t<\/div>\n\t\t\t\t<div class=\"elementor-element elementor-element-ed54690 elementor-widget elementor-widget-text-editor\" data-id=\"ed54690\" data-element_type=\"widget\" data-e-type=\"widget\" data-widget_type=\"text-editor.default\">\n\t\t\t\t\t\t\t\t\tOsada jest miejscem spotka\u0144 cz\u0142onk\u00f3w fundacji, trening\u00f3w i przygotowa\u0144 do festiwali. Organizujemy tu r\u00f3wnie\u017c warsztaty edukacyjne dla szk\u00f3\u0142 i grup zainteresowanych histori\u0105.\t\t\t\t\t\t\t\t<\/div>\n\t\t\t\t<\/div>\n\t\t\t\t\t<\/div>\n\t\t\t\t<\/div>\n\t\t<div class=\"elementor-element elementor-element-32ce39a e-flex e-con-boxed e-con e-parent\" data-id=\"32ce39a\" data-element_type=\"container\" data-e-type=\"container\" data-settings=\"{&quot;background_background&quot;:&quot;classic&quot;}\">\n\t\t\t\t\t<div class=\"e-con-inner\">\n\t\t\t\t<div class=\"elementor-element elementor-element-88bcae0 elementor-widget elementor-widget-image\" data-id=\"88bcae0\" data-element_type=\"widget\" data-e-type=\"widget\" data-widget_type=\"image.default\">\n\t\t\t\t\t\t\t\t\t\t\t\t\t\t\t<img fetchpriority=\"high\" decoding=\"async\" width=\"1600\" height=\"40\" src=\"https:\/\/www.olfrygt.pl\/fundacja\/wp-content\/uploads\/olfrygt-band.webp\" class=\"attachment-full size-full wp-image-232\" alt=\"\" srcset=\"https:\/\/www.olfrygt.pl\/fundacja\/wp-content\/uploads\/olfrygt-band.webp 1600w, https:\/\/www.olfrygt.pl\/fundacja\/wp-content\/uploads\/olfrygt-band-300x8.webp 300w, https:\/\/www.olfrygt.pl\/fundacja\/wp-content\/uploads\/olfrygt-band-1024x26.webp 1024w, https:\/\/www.olfrygt.pl\/fundacja\/wp-content\/uploads\/olfrygt-band-768x19.webp 768w, https:\/\/www.olfrygt.pl\/fundacja\/wp-content\/uploads\/olfrygt-band-1536x38.webp 1536w\" sizes=\"(max-width: 1600px) 100vw, 1600px\" \/>\t\t\t\t\t\t\t\t\t\t\t\t\t\t\t<\/div>\n\t\t\t\t\t<\/div>\n\t\t\t\t<\/div>\n\t\t<div class=\"elementor-element elementor-element-c462a65 e-flex e-con-boxed e-con e-parent\" data-id=\"c462a65\" data-element_type=\"container\" data-e-type=\"container\" data-settings=\"{&quot;background_background&quot;:&quot;classic&quot;}\">\n\t\t\t\t\t<div class=\"e-con-inner\">\n\t\t<div class=\"elementor-element elementor-element-1d0e891 e-con-full e-flex e-con e-child\" data-id=\"1d0e891\" data-element_type=\"container\" data-e-type=\"container\" data-settings=\"{&quot;background_background&quot;:&quot;gradient&quot;}\">\n\t\t\t\t<div class=\"elementor-element elementor-element-cda7c6e elementor-widget elementor-widget-heading\" data-id=\"cda7c6e\" data-element_type=\"widget\" data-e-type=\"widget\" data-widget_type=\"heading.default\">\n\t\t\t\t\t<p class=\"elementor-heading-title elementor-size-default\">Karawana Kupiecka<\/p>\t\t\t\t<\/div>\n\t\t\t\t<div class=\"elementor-element elementor-element-ee24a46 elementor-widget elementor-widget-text-editor\" data-id=\"ee24a46\" data-element_type=\"widget\" data-e-type=\"widget\" data-widget_type=\"text-editor.default\">\n\t\t\t\t\t\t\t\t\t<p>Szukamy nowych cz\u0142onk\u00f3w do naszej karawany kupieckiej! Je\u015bli interesujesz si\u0119 histori\u0105 wczesnego \u015bredniowiecza, rekonstrukcj\u0105 historyczn\u0105, walk\u0105, \u0142ucznictwem lub rzemios\u0142em &#8211; mamy dla Ciebie miejsce!<\/p>\t\t\t\t\t\t\t\t<\/div>\n\t\t<div class=\"elementor-element elementor-element-7864d2d e-grid e-con-full e-con e-child\" data-id=\"7864d2d\" data-element_type=\"container\" data-e-type=\"container\">\n\t\t<div class=\"elementor-element elementor-element-56a176d e-con-full e-flex e-con e-child\" data-id=\"56a176d\" data-element_type=\"container\" data-e-type=\"container\">\n\t\t\t\t<div class=\"elementor-element elementor-element-3952d4d elementor-widget elementor-widget-heading\" data-id=\"3952d4d\" data-element_type=\"widget\" data-e-type=\"widget\" data-widget_type=\"heading.default\">\n\t\t\t\t\t<p class=\"elementor-heading-title elementor-size-default\">Wojownicy<\/p>\t\t\t\t<\/div>\n\t\t\t\t<div class=\"elementor-element elementor-element-0ae65d1 elementor-widget elementor-widget-heading\" data-id=\"0ae65d1\" data-element_type=\"widget\" data-e-type=\"widget\" data-widget_type=\"heading.default\">\n\t\t\t\t\t<p class=\"elementor-heading-title elementor-size-default\">Pokazy technik walki, uzbrojenia i taktyki bojowej<\/p>\t\t\t\t<\/div>\n\t\t\t\t<\/div>\n\t\t<div class=\"elementor-element elementor-element-a07c626 e-con-full e-flex e-con e-child\" data-id=\"a07c626\" data-element_type=\"container\" data-e-type=\"container\">\n\t\t\t\t<div class=\"elementor-element elementor-element-d12ffd9 elementor-widget elementor-widget-heading\" data-id=\"d12ffd9\" data-element_type=\"widget\" data-e-type=\"widget\" data-widget_type=\"heading.default\">\n\t\t\t\t\t<p class=\"elementor-heading-title elementor-size-default\">Rzemie\u015blnicy<\/p>\t\t\t\t<\/div>\n\t\t\t\t<div class=\"elementor-element elementor-element-c836d04 elementor-widget elementor-widget-heading\" data-id=\"c836d04\" data-element_type=\"widget\" data-e-type=\"widget\" data-widget_type=\"heading.default\">\n\t\t\t\t\t<p class=\"elementor-heading-title elementor-size-default\">Kowalstwo, obr\u00f3bka sk\u00f3ry, tkactwo i inne rzemios\u0142a<\/p>\t\t\t\t<\/div>\n\t\t\t\t<\/div>\n\t\t<div class=\"elementor-element elementor-element-a21e1a2 e-con-full e-flex e-con e-child\" data-id=\"a21e1a2\" data-element_type=\"container\" data-e-type=\"container\">\n\t\t\t\t<div class=\"elementor-element elementor-element-8a1236c elementor-widget elementor-widget-heading\" data-id=\"8a1236c\" data-element_type=\"widget\" data-e-type=\"widget\" data-widget_type=\"heading.default\">\n\t\t\t\t\t<p class=\"elementor-heading-title elementor-size-default\">Kupcy<\/p>\t\t\t\t<\/div>\n\t\t\t\t<div class=\"elementor-element elementor-element-b552f86 elementor-widget elementor-widget-heading\" data-id=\"b552f86\" data-element_type=\"widget\" data-e-type=\"widget\" data-widget_type=\"heading.default\">\n\t\t\t\t\t<p class=\"elementor-heading-title elementor-size-default\">Handel, wymiana towar\u00f3w i \u017cycie codzienne podr\u00f3\u017cnik\u00f3w<\/p>\t\t\t\t<\/div>\n\t\t\t\t<\/div>\n\t\t\t\t<\/div>\n\t\t\t\t<div class=\"elementor-element elementor-element-5e84645 elementor-widget elementor-widget-text-editor\" data-id=\"5e84645\" data-element_type=\"widget\" data-e-type=\"widget\" data-widget_type=\"text-editor.default\">\n\t\t\t\t\t\t\t\t\tKarawana regularnie uczestniczy w festiwalach i wydarzeniach historycznych w ca\u0142ej Polsce i Europie.\t\t\t\t\t\t\t\t<\/div>\n\t\t\t\t<\/div>\n\t\t\t\t\t<\/div>\n\t\t\t\t<\/div>\n\t\t<div class=\"elementor-element elementor-element-6a5ae55 e-flex e-con-boxed e-con e-parent\" data-id=\"6a5ae55\" data-element_type=\"container\" data-e-type=\"container\" data-settings=\"{&quot;background_background&quot;:&quot;classic&quot;}\">\n\t\t\t\t\t<div class=\"e-con-inner\">\n\t\t\t\t<div class=\"elementor-element elementor-element-80c4fb4 elementor-widget elementor-widget-image\" data-id=\"80c4fb4\" data-element_type=\"widget\" data-e-type=\"widget\" data-widget_type=\"image.default\">\n\t\t\t\t\t\t\t\t\t\t\t\t\t\t\t<img fetchpriority=\"high\" decoding=\"async\" width=\"1600\" height=\"40\" src=\"https:\/\/www.olfrygt.pl\/fundacja\/wp-content\/uploads\/olfrygt-band.webp\" class=\"attachment-full size-full wp-image-232\" alt=\"\" srcset=\"https:\/\/www.olfrygt.pl\/fundacja\/wp-content\/uploads\/olfrygt-band.webp 1600w, https:\/\/www.olfrygt.pl\/fundacja\/wp-content\/uploads\/olfrygt-band-300x8.webp 300w, https:\/\/www.olfrygt.pl\/fundacja\/wp-content\/uploads\/olfrygt-band-1024x26.webp 1024w, https:\/\/www.olfrygt.pl\/fundacja\/wp-content\/uploads\/olfrygt-band-768x19.webp 768w, https:\/\/www.olfrygt.pl\/fundacja\/wp-content\/uploads\/olfrygt-band-1536x38.webp 1536w\" sizes=\"(max-width: 1600px) 100vw, 1600px\" \/>\t\t\t\t\t\t\t\t\t\t\t\t\t\t\t<\/div>\n\t\t\t\t\t<\/div>\n\t\t\t\t<\/div>\n\t\t<div class=\"elementor-element elementor-element-13d7bdb e-flex e-con-boxed e-con e-parent\" data-id=\"13d7bdb\" data-element_type=\"container\" data-e-type=\"container\" data-settings=\"{&quot;background_background&quot;:&quot;classic&quot;}\">\n\t\t\t\t\t<div class=\"e-con-inner\">\n\t\t\t\t<div class=\"elementor-element elementor-element-99f8c36 elementor-widget elementor-widget-heading\" data-id=\"99f8c36\" data-element_type=\"widget\" data-e-type=\"widget\" data-widget_type=\"heading.default\">\n\t\t\t\t\t<p class=\"elementor-heading-title elementor-size-default\">\u2619 <span style=\"color: #32241B\">Inne inicjatywy<\/span> \u2767<\/p>\t\t\t\t<\/div>\n\t\t\t\t\t<\/div>\n\t\t\t\t<\/div>\n\t\t<div class=\"elementor-element elementor-element-990e780 e-flex e-con-boxed e-con e-parent\" data-id=\"990e780\" data-element_type=\"container\" data-e-type=\"container\" data-settings=\"{&quot;background_background&quot;:&quot;classic&quot;}\">\n\t\t\t\t\t<div class=\"e-con-inner\">\n\t\t<div class=\"elementor-element elementor-element-6fb2847 e-con-full e-flex e-con e-child\" data-id=\"6fb2847\" data-element_type=\"container\" data-e-type=\"container\" data-settings=\"{&quot;background_background&quot;:&quot;gradient&quot;}\">\n\t\t\t\t<div class=\"elementor-element elementor-element-971db37 elementor-widget elementor-widget-heading\" data-id=\"971db37\" data-element_type=\"widget\" data-e-type=\"widget\" data-widget_type=\"heading.default\">\n\t\t\t\t\t<p class=\"elementor-heading-title elementor-size-default\">Warsztaty edukacyjne<\/p>\t\t\t\t<\/div>\n\t\t\t\t<div class=\"elementor-element elementor-element-fc09647 elementor-widget elementor-widget-heading\" data-id=\"fc09647\" data-element_type=\"widget\" data-e-type=\"widget\" data-widget_type=\"heading.default\">\n\t\t\t\t\t<p class=\"elementor-heading-title elementor-size-default\">Organizujemy warsztaty dla szk\u00f3\u0142 i grup zorganizowanych, podczas kt\u00f3rych uczestnicy mog\u0105 pozna\u0107 \u017cycie codzienne wczesnego \u015bredniowiecza.<\/p>\t\t\t\t<\/div>\n\t\t\t\t<\/div>\n\t\t<div class=\"elementor-element elementor-element-3c8f625 e-con-full e-flex e-con e-child\" data-id=\"3c8f625\" data-element_type=\"container\" data-e-type=\"container\" data-settings=\"{&quot;background_background&quot;:&quot;gradient&quot;}\">\n\t\t\t\t<div class=\"elementor-element elementor-element-c5a06ae elementor-widget elementor-widget-heading\" data-id=\"c5a06ae\" data-element_type=\"widget\" data-e-type=\"widget\" data-widget_type=\"heading.default\">\n\t\t\t\t\t<p class=\"elementor-heading-title elementor-size-default\">Filmy i materia\u0142y edukacyjne<\/p>\t\t\t\t<\/div>\n\t\t\t\t<div class=\"elementor-element elementor-element-2eb09b4 elementor-widget elementor-widget-heading\" data-id=\"2eb09b4\" data-element_type=\"widget\" data-e-type=\"widget\" data-widget_type=\"heading.default\">\n\t\t\t\t\t<p class=\"elementor-heading-title elementor-size-default\">Tworzymy materia\u0142y wideo dokumentuj\u0105ce nasze dzia\u0142ania i przybli\u017caj\u0105ce wiedz\u0119 historyczn\u0105 szerszej publiczno\u015bci.<\/p>\t\t\t\t<\/div>\n\t\t\t\t<\/div>\n\t\t\t\t\t<\/div>\n\t\t\t\t<\/div>\n\t\t<div class=\"elementor-element elementor-element-9ec1721 e-flex e-con-boxed e-con e-parent\" data-id=\"9ec1721\" data-element_type=\"container\" data-e-type=\"container\" data-settings=\"{&quot;background_background&quot;:&quot;classic&quot;}\">\n\t\t\t\t\t<div class=\"e-con-inner\">\n\t\t\t\t<div class=\"elementor-element elementor-element-c2094b4 elementor-align-center elementor-widget elementor-widget-button\" data-id=\"c2094b4\" data-element_type=\"widget\" data-e-type=\"widget\" data-widget_type=\"button.default\">\n\t\t\t\t\t\t\t\t\t\t<a class=\"elementor-button elementor-button-link elementor-size-sm\" href=\"https:\/\/www.olfrygt.pl\/fundacja\/strona-glowna\/dolacz-do-nas\/\">\n\t\t\t\t\t\t<span class=\"elementor-button-content-wrapper\">\n\t\t\t\t\t\t<span class=\"elementor-button-icon\">\n\t\t\t\t<svg aria-hidden=\"true\" class=\"e-font-icon-svg e-fas-arrow-right\" viewBox=\"0 0 448 512\" xmlns=\"http:\/\/www.w3.org\/2000\/svg\"><path d=\"M190.5 66.9l22.2-22.2c9.4-9.4 24.6-9.4 33.9 0L441 239c9.4 9.4 9.4 24.6 0 33.9L246.6 467.3c-9.4 9.4-24.6 9.4-33.9 0l-22.2-22.2c-9.5-9.5-9.3-25 .4-34.3L311.4 296H24c-13.3 0-24-10.7-24-24v-32c0-13.3 10.7-24 24-24h287.4L190.9 101.2c-9.8-9.3-10-24.8-.4-34.3z\"><\/path><\/svg>\t\t\t<\/span>\n\t\t\t\t\t\t\t\t\t<span class=\"elementor-button-text\">Do\u0142\u0105cz do naszych projekt\u00f3w<\/span>\n\t\t\t\t\t<\/span>\n\t\t\t\t\t<\/a>\n\t\t\t\t\t\t\t\t<\/div>\n\t\t\t\t\t<\/div>\n\t\t\t\t<\/div>\n\t\t\t\t<\/div>\n\t\t","protected":false},"excerpt":{"rendered":"<p>\u2619 Projekty \u2767 Poznaj nasze g\u0142\u00f3wne projekty i inicjatywy zwi\u0105zane z rekonstrukcj\u0105 i promocj\u0105 kultury wczesnego \u015bredniowiecza. Osada Racibory Osada Racibory to rekonstrukcja wczesno\u015bredniowiecznej osady s\u0142owia\u0144skiej. Projekt powsta\u0142 z pasji do historii i ch\u0119ci odtworzenia autentycznego klimatu \u017cycia sprzed tysi\u0105ca lat. Na terenie osady znajduj\u0105 si\u0119: Chaty mieszkalne w stylu s\u0142owia\u0144skim Warsztaty rzemie\u015blnicze Strefa kuchni [&hellip;]<\/p>\n","protected":false},"author":2,"featured_media":0,"parent":12,"menu_order":0,"comment_status":"closed","ping_status":"closed","template":"","meta":{"footnotes":""},"class_list":["post-156","page","type-page","status-publish","hentry"],"post_mailing_queue_ids":[],"_links":{"self":[{"href":"https:\/\/www.olfrygt.pl\/fundacja\/wp-json\/wp\/v2\/pages\/156","targetHints":{"allow":["GET"]}}],"collection":[{"href":"https:\/\/www.olfrygt.pl\/fundacja\/wp-json\/wp\/v2\/pages"}],"about":[{"href":"https:\/\/www.olfrygt.pl\/fundacja\/wp-json\/wp\/v2\/types\/page"}],"author":[{"embeddable":true,"href":"https:\/\/www.olfrygt.pl\/fundacja\/wp-json\/wp\/v2\/users\/2"}],"replies":[{"embeddable":true,"href":"https:\/\/www.olfrygt.pl\/fundacja\/wp-json\/wp\/v2\/comments?post=156"}],"version-history":[{"count":10,"href":"https:\/\/www.olfrygt.pl\/fundacja\/wp-json\/wp\/v2\/pages\/156\/revisions"}],"predecessor-version":[{"id":267,"href":"https:\/\/www.olfrygt.pl\/fundacja\/wp-json\/wp\/v2\/pages\/156\/revisions\/267"}],"up":[{"embeddable":true,"href":"https:\/\/www.olfrygt.pl\/fundacja\/wp-json\/wp\/v2\/pages\/12"}],"wp:attachment":[{"href":"https:\/\/www.olfrygt.pl\/fundacja\/wp-json\/wp\/v2\/media?parent=156"}],"curies":[{"name":"wp","href":"https:\/\/api.w.org\/{rel}","templated":true}]}}